{"id":8808,"date":"2024-09-16T17:44:57","date_gmt":"2024-09-16T16:44:57","guid":{"rendered":"https:\/\/www.mgemmen.ch\/?page_id=8808"},"modified":"2024-09-16T17:46:42","modified_gmt":"2024-09-16T16:46:42","slug":"goenner","status":"publish","type":"page","link":"https:\/\/www.mgemmen.ch\/index.php\/goenner\/","title":{"rendered":"G\u00f6nner"},"content":{"rendered":"\n<figure class=\"wp-block-image size-large\"><img loading=\"lazy\" decoding=\"async\" width=\"1024\" height=\"726\" src=\"https:\/\/www.mgemmen.ch\/wp-content\/uploads\/2024\/09\/Goenner_Flyer-1024x726.png\" alt=\"\" class=\"wp-image-8809\" srcset=\"https:\/\/www.mgemmen.ch\/wp-content\/uploads\/2024\/09\/Goenner_Flyer-1024x726.png 1024w, https:\/\/www.mgemmen.ch\/wp-content\/uploads\/2024\/09\/Goenner_Flyer-300x213.png 300w, https:\/\/www.mgemmen.ch\/wp-content\/uploads\/2024\/09\/Goenner_Flyer-768x544.png 768w, https:\/\/www.mgemmen.ch\/wp-content\/uploads\/2024\/09\/Goenner_Flyer-1536x1088.png 1536w, https:\/\/www.mgemmen.ch\/wp-content\/uploads\/2024\/09\/Goenner_Flyer-600x425.png 600w, https:\/\/www.mgemmen.ch\/wp-content\/uploads\/2024\/09\/Goenner_Flyer.png 1719w\" sizes=\"auto, (max-width: 1024px) 100vw, 1024px\" \/><\/figure>\n\n\n\n<p>F\u00fcr nur 30.- pro Jahr k\u00f6nnen Sie bei uns G\u00f6nner werden. Damit unterst\u00fctzen Sie unseren Verein, unser Hobby und letztlich auch die Kultur in Emmen.<br>Als G\u00f6nner laden wir Sie einmal j\u00e4hrlich (jeweils im Fr\u00fchling) zu unserem G\u00f6nnerfest ein, wo Sie von uns verk\u00f6stigt und musikalisch unterhalten werden. Herzlichen Dank f\u00fcr Ihre Untest\u00fctzung<\/p>\n\n\n\n<div class=\"wp-block-columns is-layout-flex wp-container-core-columns-is-layout-9d6595d7 wp-block-columns-is-layout-flex\">\n<div class=\"wp-block-column is-layout-flow wp-block-column-is-layout-flow\" style=\"flex-basis:33.33%\">\n<figure class=\"wp-block-image size-full\"><img loading=\"lazy\" decoding=\"async\" width=\"162\" height=\"244\" src=\"https:\/\/www.mgemmen.ch\/wp-content\/uploads\/2024\/09\/image.png\" alt=\"\" class=\"wp-image-8810\"\/><\/figure>\n<\/div>\n\n\n\n<div class=\"wp-block-column is-layout-flow wp-block-column-is-layout-flow\" style=\"flex-basis:66.66%\">\n<p>Am einfachsten k\u00f6nnen Sie G\u00f6nner w\u00e4hlen, indem Sie mit dem Twint App den Code links scannen und minimum 30.- spenden. Dann einfach Ihre Angaben machen und optional im Bemerkungsfeld vermerken, f\u00fcr welches Mitglied Sie G\u00f6nner sind.<\/p>\n<\/div>\n<\/div>\n","protected":false},"excerpt":{"rendered":"<p>F\u00fcr nur 30.- pro Jahr k\u00f6nnen Sie bei uns G\u00f6nner werden. Damit unterst\u00fctzen Sie unseren Verein, unser Hobby und letztlich auch die Kultur in Emmen.Als G\u00f6nner laden wir Sie einmal j\u00e4hrlich (jeweils im Fr\u00fchling) zu unserem G\u00f6nnerfest ein, wo Sie von uns verk\u00f6stigt und musikalisch unterhalten werden. Herzlichen Dank f\u00fcr Ihre Untest\u00fctzung Am einfachsten k\u00f6nnen [&hellip;]<\/p>\n","protected":false},"author":1,"featured_media":8809,"parent":0,"menu_order":0,"comment_status":"closed","ping_status":"closed","template":"","meta":{"ocean_post_layout":"","ocean_both_sidebars_style":"","ocean_both_sidebars_content_width":0,"ocean_both_sidebars_sidebars_width":0,"ocean_sidebar":"","ocean_second_sidebar":"","ocean_disable_margins":"enable","ocean_add_body_class":"","ocean_shortcode_before_top_bar":"","ocean_shortcode_after_top_bar":"","ocean_shortcode_before_header":"","ocean_shortcode_after_header":"","ocean_has_shortcode":"","ocean_shortcode_after_title":"","ocean_shortcode_before_footer_widgets":"","ocean_shortcode_after_footer_widgets":"","ocean_shortcode_before_footer_bottom":"","ocean_shortcode_after_footer_bottom":"","ocean_display_top_bar":"default","ocean_display_header":"default","ocean_header_style":"","ocean_center_header_left_menu":"","ocean_custom_header_template":"","ocean_custom_logo":0,"ocean_custom_retina_logo":0,"ocean_custom_logo_max_width":0,"ocean_custom_logo_tablet_max_width":0,"ocean_custom_logo_mobile_max_width":0,"ocean_custom_logo_max_height":0,"ocean_custom_logo_tablet_max_height":0,"ocean_custom_logo_mobile_max_height":0,"ocean_header_custom_menu":"","ocean_menu_typo_font_family":"","ocean_menu_typo_font_subset":"","ocean_menu_typo_font_size":0,"ocean_menu_typo_font_size_tablet":0,"ocean_menu_typo_font_size_mobile":0,"ocean_menu_typo_font_size_unit":"px","ocean_menu_typo_font_weight":"","ocean_menu_typo_font_weight_tablet":"","ocean_menu_typo_font_weight_mobile":"","ocean_menu_typo_transform":"","ocean_menu_typo_transform_tablet":"","ocean_menu_typo_transform_mobile":"","ocean_menu_typo_line_height":0,"ocean_menu_typo_line_height_tablet":0,"ocean_menu_typo_line_height_mobile":0,"ocean_menu_typo_line_height_unit":"","ocean_menu_typo_spacing":0,"ocean_menu_typo_spacing_tablet":0,"ocean_menu_typo_spacing_mobile":0,"ocean_menu_typo_spacing_unit":"","ocean_menu_link_color":"","ocean_menu_link_color_hover":"","ocean_menu_link_color_active":"","ocean_menu_link_background":"","ocean_menu_link_hover_background":"","ocean_menu_link_active_background":"","ocean_menu_social_links_bg":"","ocean_menu_social_hover_links_bg":"","ocean_menu_social_links_color":"","ocean_menu_social_hover_links_color":"","ocean_disable_title":"default","ocean_disable_heading":"default","ocean_post_title":"","ocean_post_subheading":"","ocean_post_title_style":"","ocean_post_title_background_color":"","ocean_post_title_background":0,"ocean_post_title_bg_image_position":"","ocean_post_title_bg_image_attachment":"","ocean_post_title_bg_image_repeat":"","ocean_post_title_bg_image_size":"","ocean_post_title_height":0,"ocean_post_title_bg_overlay":0.5,"ocean_post_title_bg_overlay_color":"","ocean_disable_breadcrumbs":"default","ocean_breadcrumbs_color":"","ocean_breadcrumbs_separator_color":"","ocean_breadcrumbs_links_color":"","ocean_breadcrumbs_links_hover_color":"","ocean_display_footer_widgets":"default","ocean_display_footer_bottom":"default","ocean_custom_footer_template":"","two_page_speed":[],"footnotes":""},"class_list":["post-8808","page","type-page","status-publish","has-post-thumbnail","hentry","entry","has-media"],"_links":{"self":[{"href":"https:\/\/www.mgemmen.ch\/index.php\/wp-json\/wp\/v2\/pages\/8808","targetHints":{"allow":["GET"]}}],"collection":[{"href":"https:\/\/www.mgemmen.ch\/index.php\/wp-json\/wp\/v2\/pages"}],"about":[{"href":"https:\/\/www.mgemmen.ch\/index.php\/wp-json\/wp\/v2\/types\/page"}],"author":[{"embeddable":true,"href":"https:\/\/www.mgemmen.ch\/index.php\/wp-json\/wp\/v2\/users\/1"}],"replies":[{"embeddable":true,"href":"https:\/\/www.mgemmen.ch\/index.php\/wp-json\/wp\/v2\/comments?post=8808"}],"version-history":[{"count":2,"href":"https:\/\/www.mgemmen.ch\/index.php\/wp-json\/wp\/v2\/pages\/8808\/revisions"}],"predecessor-version":[{"id":8812,"href":"https:\/\/www.mgemmen.ch\/index.php\/wp-json\/wp\/v2\/pages\/8808\/revisions\/8812"}],"wp:featuredmedia":[{"embeddable":true,"href":"https:\/\/www.mgemmen.ch\/index.php\/wp-json\/wp\/v2\/media\/8809"}],"wp:attachment":[{"href":"https:\/\/www.mgemmen.ch\/index.php\/wp-json\/wp\/v2\/media?parent=8808"}],"curies":[{"name":"wp","href":"https:\/\/api.w.org\/{rel}","templated":true}]}}