{"id":2976,"date":"2022-01-21T21:16:14","date_gmt":"2022-01-21T20:16:14","guid":{"rendered":"https:\/\/beta.mgemmen.ch\/?page_id=2976"},"modified":"2024-01-31T23:20:39","modified_gmt":"2024-01-31T22:20:39","slug":"faehnrich","status":"publish","type":"page","link":"https:\/\/www.mgemmen.ch\/index.php\/faehnrich\/","title":{"rendered":"F\u00e4hnrich"},"content":{"rendered":"\n<h1 class=\"wp-block-heading\">F\u00e4hnrich<\/h1>\n\n\n\n<p>Damit die Musikgesellschaft Emmen besonders gut zur Geltung kommt, treten wir an offiziellen Anl\u00e4ssen mit unserer Fahne auf. Wir danken unserem F\u00e4hnrich Pascal Schwander und unserem Vizef\u00e4hnrich Beat Stauffer f\u00fcr ihren Einsatz in dieser ehrenvollen Funktion.<\/p>\n\n\n\n<figure class=\"wp-block-table is-style-stripes\"><table class=\"has-fixed-layout\"><tbody><tr><td><strong>F\u00e4hnrich<\/strong><\/td><td>Pascal Schwander<\/td><\/tr><tr><td><strong>Vizef\u00e4hnrich<\/strong><\/td><td>Beat Stauffer<\/td><\/tr><\/tbody><\/table><\/figure>\n\n\n\n<p><\/p>\n\n\n\n<figure class=\"wp-block-image size-large\"><img loading=\"lazy\" decoding=\"async\" width=\"683\" height=\"1024\" src=\"https:\/\/www.mgemmen.ch\/wp-content\/uploads\/2024\/01\/Rueckkehr-Faehnriche-Tobias-Meyer-R3_15869-683x1024.jpg\" alt=\"\" class=\"wp-image-7287\" srcset=\"https:\/\/www.mgemmen.ch\/wp-content\/uploads\/2024\/01\/Rueckkehr-Faehnriche-Tobias-Meyer-R3_15869-683x1024.jpg 683w, https:\/\/www.mgemmen.ch\/wp-content\/uploads\/2024\/01\/Rueckkehr-Faehnriche-Tobias-Meyer-R3_15869-200x300.jpg 200w, https:\/\/www.mgemmen.ch\/wp-content\/uploads\/2024\/01\/Rueckkehr-Faehnriche-Tobias-Meyer-R3_15869-768x1152.jpg 768w, https:\/\/www.mgemmen.ch\/wp-content\/uploads\/2024\/01\/Rueckkehr-Faehnriche-Tobias-Meyer-R3_15869-1024x1536.jpg 1024w, https:\/\/www.mgemmen.ch\/wp-content\/uploads\/2024\/01\/Rueckkehr-Faehnriche-Tobias-Meyer-R3_15869.jpg 1280w\" sizes=\"auto, (max-width: 683px) 100vw, 683px\" \/><\/figure>\n","protected":false},"excerpt":{"rendered":"<p>F\u00e4hnrich Damit die Musikgesellschaft Emmen besonders gut zur Geltung kommt, treten wir an offiziellen Anl\u00e4ssen mit unserer Fahne auf. Wir danken unserem F\u00e4hnrich Pascal Schwander und unserem Vizef\u00e4hnrich Beat Stauffer f\u00fcr ihren Einsatz in dieser ehrenvollen Funktion. F\u00e4hnrich Pascal Schwander Vizef\u00e4hnrich Beat Stauffer<\/p>\n","protected":false},"author":1,"featured_media":0,"parent":0,"menu_order":0,"comment_status":"closed","ping_status":"closed","template":"","meta":{"ocean_post_layout":"","ocean_both_sidebars_style":"","ocean_both_sidebars_content_width":0,"ocean_both_sidebars_sidebars_width":0,"ocean_sidebar":"0","ocean_second_sidebar":"0","ocean_disable_margins":"enable","ocean_add_body_class":"","ocean_shortcode_before_top_bar":"","ocean_shortcode_after_top_bar":"","ocean_shortcode_before_header":"","ocean_shortcode_after_header":"","ocean_has_shortcode":"","ocean_shortcode_after_title":"","ocean_shortcode_before_footer_widgets":"","ocean_shortcode_after_footer_widgets":"","ocean_shortcode_before_footer_bottom":"","ocean_shortcode_after_footer_bottom":"","ocean_display_top_bar":"default","ocean_display_header":"default","ocean_header_style":"","ocean_center_header_left_menu":"0","ocean_custom_header_template":"0","ocean_custom_logo":0,"ocean_custom_retina_logo":0,"ocean_custom_logo_max_width":0,"ocean_custom_logo_tablet_max_width":0,"ocean_custom_logo_mobile_max_width":0,"ocean_custom_logo_max_height":0,"ocean_custom_logo_tablet_max_height":0,"ocean_custom_logo_mobile_max_height":0,"ocean_header_custom_menu":"0","ocean_menu_typo_font_family":"0","ocean_menu_typo_font_subset":"","ocean_menu_typo_font_size":0,"ocean_menu_typo_font_size_tablet":0,"ocean_menu_typo_font_size_mobile":0,"ocean_menu_typo_font_size_unit":"px","ocean_menu_typo_font_weight":"","ocean_menu_typo_font_weight_tablet":"","ocean_menu_typo_font_weight_mobile":"","ocean_menu_typo_transform":"","ocean_menu_typo_transform_tablet":"","ocean_menu_typo_transform_mobile":"","ocean_menu_typo_line_height":0,"ocean_menu_typo_line_height_tablet":0,"ocean_menu_typo_line_height_mobile":0,"ocean_menu_typo_line_height_unit":"","ocean_menu_typo_spacing":0,"ocean_menu_typo_spacing_tablet":0,"ocean_menu_typo_spacing_mobile":0,"ocean_menu_typo_spacing_unit":"","ocean_menu_link_color":"","ocean_menu_link_color_hover":"","ocean_menu_link_color_active":"","ocean_menu_link_background":"","ocean_menu_link_hover_background":"","ocean_menu_link_active_background":"","ocean_menu_social_links_bg":"","ocean_menu_social_hover_links_bg":"","ocean_menu_social_links_color":"","ocean_menu_social_hover_links_color":"","ocean_disable_title":"default","ocean_disable_heading":"default","ocean_post_title":"","ocean_post_subheading":"","ocean_post_title_style":"","ocean_post_title_background_color":"","ocean_post_title_background":0,"ocean_post_title_bg_image_position":"","ocean_post_title_bg_image_attachment":"","ocean_post_title_bg_image_repeat":"","ocean_post_title_bg_image_size":"","ocean_post_title_height":0,"ocean_post_title_bg_overlay":0.5,"ocean_post_title_bg_overlay_color":"","ocean_disable_breadcrumbs":"default","ocean_breadcrumbs_color":"","ocean_breadcrumbs_separator_color":"","ocean_breadcrumbs_links_color":"","ocean_breadcrumbs_links_hover_color":"","ocean_display_footer_widgets":"default","ocean_display_footer_bottom":"default","ocean_custom_footer_template":"0","two_page_speed":[],"footnotes":""},"class_list":["post-2976","page","type-page","status-publish","hentry","entry"],"_links":{"self":[{"href":"https:\/\/www.mgemmen.ch\/index.php\/wp-json\/wp\/v2\/pages\/2976","targetHints":{"allow":["GET"]}}],"collection":[{"href":"https:\/\/www.mgemmen.ch\/index.php\/wp-json\/wp\/v2\/pages"}],"about":[{"href":"https:\/\/www.mgemmen.ch\/index.php\/wp-json\/wp\/v2\/types\/page"}],"author":[{"embeddable":true,"href":"https:\/\/www.mgemmen.ch\/index.php\/wp-json\/wp\/v2\/users\/1"}],"replies":[{"embeddable":true,"href":"https:\/\/www.mgemmen.ch\/index.php\/wp-json\/wp\/v2\/comments?post=2976"}],"version-history":[{"count":7,"href":"https:\/\/www.mgemmen.ch\/index.php\/wp-json\/wp\/v2\/pages\/2976\/revisions"}],"predecessor-version":[{"id":7290,"href":"https:\/\/www.mgemmen.ch\/index.php\/wp-json\/wp\/v2\/pages\/2976\/revisions\/7290"}],"wp:attachment":[{"href":"https:\/\/www.mgemmen.ch\/index.php\/wp-json\/wp\/v2\/media?parent=2976"}],"curies":[{"name":"wp","href":"https:\/\/api.w.org\/{rel}","templated":true}]}}