{"id":197,"date":"2020-12-31T01:35:01","date_gmt":"2020-12-31T00:35:01","guid":{"rendered":"https:\/\/beta.mgemmen.ch\/?page_id=197"},"modified":"2026-01-31T11:28:18","modified_gmt":"2026-01-31T10:28:18","slug":"ehrenmitglieder","status":"publish","type":"page","link":"https:\/\/www.mgemmen.ch\/index.php\/ehrenmitglieder\/","title":{"rendered":"Ehrenmitglieder"},"content":{"rendered":"\n<p>Wir freuen uns, dass wir die unten genannten Personen und Vereine zu unseren Ehrenmitgliedern z\u00e4hlen d\u00fcrfen.<\/p>\n\n\n\n<p>Folgende Personen oder Vereine haben sich in besonderer Weise um die MGE oder um die F\u00f6rderung des Blasmusikwesens verdient gemacht und wurden durch die ordentliche Generalversammlung zu Ehrenmitgliedern ernannt.<br>Auch Aktivmitglieder, die w\u00e4hrend zwanzig Jahren der MGE angeh\u00f6ren, wurden durch die ordentliche Generalversammlung zu Aktivehrenmitgliedern ernannt.<\/p>\n\n\n\n<div class=\"wp-block-columns is-layout-flex wp-container-core-columns-is-layout-9d6595d7 wp-block-columns-is-layout-flex\">\n<div class=\"wp-block-column is-layout-flow wp-block-column-is-layout-flow\">\n<figure class=\"wp-block-table is-style-stripes\"><table class=\"has-fixed-layout\"><thead><tr><th class=\"has-text-align-left\" data-align=\"left\">Name<\/th><th class=\"has-text-align-left\" data-align=\"left\">Vorname<\/th><\/tr><\/thead><tbody><tr><td class=\"has-text-align-left\" data-align=\"left\">Amacher-W\u00e4fler<\/td><td class=\"has-text-align-left\" data-align=\"left\">Karin<\/td><\/tr><tr><td class=\"has-text-align-left\" data-align=\"left\">Bachmann<\/td><td class=\"has-text-align-left\" data-align=\"left\">Otto<\/td><\/tr><tr><td class=\"has-text-align-left\" data-align=\"left\">B\u00e4hler<\/td><td class=\"has-text-align-left\" data-align=\"left\">Ueli<\/td><\/tr><tr><td class=\"has-text-align-left\" data-align=\"left\">Bernhard<\/td><td class=\"has-text-align-left\" data-align=\"left\">Andr\u00e9<\/td><\/tr><tr><td class=\"has-text-align-left\" data-align=\"left\">Born<\/td><td class=\"has-text-align-left\" data-align=\"left\">Rolf<\/td><\/tr><tr><td class=\"has-text-align-left\" data-align=\"left\">Brun<\/td><td class=\"has-text-align-left\" data-align=\"left\">Eduard<\/td><\/tr><tr><td class=\"has-text-align-left\" data-align=\"left\">Bucheli<\/td><td class=\"has-text-align-left\" data-align=\"left\">Hansruedi<\/td><\/tr><tr><td class=\"has-text-align-left\" data-align=\"left\">Buholzer<\/td><td class=\"has-text-align-left\" data-align=\"left\">Hansj\u00f6rg<\/td><\/tr><tr><td class=\"has-text-align-left\" data-align=\"left\">Devittori<\/td><td class=\"has-text-align-left\" data-align=\"left\">Roger<\/td><\/tr><tr><td class=\"has-text-align-left\" data-align=\"left\">De Iaco<\/td><td class=\"has-text-align-left\" data-align=\"left\">Stefanie<\/td><\/tr><tr><td class=\"has-text-align-left\" data-align=\"left\">Fischer<\/td><td class=\"has-text-align-left\" data-align=\"left\">Josef<\/td><\/tr><tr><td class=\"has-text-align-left\" data-align=\"left\">Fischer<\/td><td class=\"has-text-align-left\" data-align=\"left\">Roland<\/td><\/tr><tr><td class=\"has-text-align-left\" data-align=\"left\">Frischknecht<\/td><td class=\"has-text-align-left\" data-align=\"left\">Simon<\/td><\/tr><tr><td class=\"has-text-align-left\" data-align=\"left\">Gass<\/td><td class=\"has-text-align-left\" data-align=\"left\">Ivo<\/td><\/tr><tr><td class=\"has-text-align-left\" data-align=\"left\">Gass<\/td><td class=\"has-text-align-left\" data-align=\"left\">Karin<\/td><\/tr><tr><td class=\"has-text-align-left\" data-align=\"left\">Gass<\/td><td class=\"has-text-align-left\" data-align=\"left\">Reto<\/td><\/tr><tr><td class=\"has-text-align-left\" data-align=\"left\">H\u00e4fliger<\/td><td class=\"has-text-align-left\" data-align=\"left\">Heinrich<\/td><\/tr><tr><td class=\"has-text-align-left\" data-align=\"left\">Hagmann<\/td><td class=\"has-text-align-left\" data-align=\"left\">Robert<\/td><\/tr><tr><td class=\"has-text-align-left\" data-align=\"left\">Hodel<\/td><td class=\"has-text-align-left\" data-align=\"left\">Ueli<\/td><\/tr><tr><td class=\"has-text-align-left\" data-align=\"left\">Keiser<\/td><td class=\"has-text-align-left\" data-align=\"left\">Norbert<\/td><\/tr><tr><td class=\"has-text-align-left\" data-align=\"left\">K\u00fchne<\/td><td class=\"has-text-align-left\" data-align=\"left\">Margrit<\/td><\/tr><tr><td class=\"has-text-align-left\" data-align=\"left\">Lampart<\/td><td class=\"has-text-align-left\" data-align=\"left\">Antoinette<\/td><\/tr><\/tbody><\/table><\/figure>\n<\/div>\n\n\n\n<div class=\"wp-block-column is-layout-flow wp-block-column-is-layout-flow\">\n<figure class=\"wp-block-table is-style-stripes\"><table class=\"has-fixed-layout\"><thead><tr><th class=\"has-text-align-left\" data-align=\"left\">Name<\/th><th class=\"has-text-align-left\" data-align=\"left\">Vorname<\/th><\/tr><\/thead><tbody><tr><td class=\"has-text-align-left\" data-align=\"left\">Lustenberger<\/td><td class=\"has-text-align-left\" data-align=\"left\">Toni<\/td><\/tr><tr><td class=\"has-text-align-left\" data-align=\"left\">M\u00fcller<\/td><td class=\"has-text-align-left\" data-align=\"left\">Bruno<\/td><\/tr><tr><td class=\"has-text-align-left\" data-align=\"left\">Niederberger<\/td><td class=\"has-text-align-left\" data-align=\"left\">Simon<\/td><\/tr><tr><td class=\"has-text-align-left\" data-align=\"left\">Odermatt<\/td><td class=\"has-text-align-left\" data-align=\"left\">Christoph<\/td><\/tr><tr><td class=\"has-text-align-left\" data-align=\"left\">Odermatt<\/td><td class=\"has-text-align-left\" data-align=\"left\">Lorenzo<\/td><\/tr><tr><td class=\"has-text-align-left\" data-align=\"left\">Pfenniger<\/td><td class=\"has-text-align-left\" data-align=\"left\">Arnold<\/td><\/tr><tr><td class=\"has-text-align-left\" data-align=\"left\">Pfenniger-Theiler<\/td><td class=\"has-text-align-left\" data-align=\"left\">Rita<\/td><\/tr><tr><td class=\"has-text-align-left\" data-align=\"left\">R\u00e4ber<\/td><td class=\"has-text-align-left\" data-align=\"left\">Franz<\/td><\/tr><tr><td class=\"has-text-align-left\" data-align=\"left\">Reiter<\/td><td class=\"has-text-align-left\" data-align=\"left\">Sylvia<\/td><\/tr><tr><td class=\"has-text-align-left\" data-align=\"left\">R\u00fcttimann<\/td><td class=\"has-text-align-left\" data-align=\"left\">Priska<\/td><\/tr><tr><td class=\"has-text-align-left\" data-align=\"left\">Sager<\/td><td class=\"has-text-align-left\" data-align=\"left\">Ursula<\/td><\/tr><tr><td class=\"has-text-align-left\" data-align=\"left\">Schwegler<\/td><td class=\"has-text-align-left\" data-align=\"left\">Hans<\/td><\/tr><tr><td class=\"has-text-align-left\" data-align=\"left\">Stadler<\/td><td class=\"has-text-align-left\" data-align=\"left\">Doris<\/td><\/tr><tr><td class=\"has-text-align-left\" data-align=\"left\">Steger Hodel<\/td><td class=\"has-text-align-left\" data-align=\"left\">Tanja<\/td><\/tr><tr><td class=\"has-text-align-left\" data-align=\"left\">Stucki<\/td><td class=\"has-text-align-left\" data-align=\"left\">Walter<\/td><\/tr><tr><td class=\"has-text-align-left\" data-align=\"left\">Suter<\/td><td class=\"has-text-align-left\" data-align=\"left\">Paul<\/td><\/tr><tr><td class=\"has-text-align-left\" data-align=\"left\">Th\u00fcrig<\/td><td class=\"has-text-align-left\" data-align=\"left\">Josef<\/td><\/tr><tr><td class=\"has-text-align-left\" data-align=\"left\">V\u00f6geli<\/td><td class=\"has-text-align-left\" data-align=\"left\">Fr\u00e4nzi<\/td><\/tr><tr><td class=\"has-text-align-left\" data-align=\"left\">W\u00e4fler<\/td><td class=\"has-text-align-left\" data-align=\"left\">Hansruedi<\/td><\/tr><tr><td class=\"has-text-align-left\" data-align=\"left\">Wyss<\/td><td class=\"has-text-align-left\" data-align=\"left\">Franz<\/td><\/tr><tr><td class=\"has-text-align-left\" data-align=\"left\">Zumb\u00fchl<\/td><td class=\"has-text-align-left\" data-align=\"left\">Erika<\/td><\/tr><\/tbody><\/table><\/figure>\n<\/div>\n<\/div>\n\n\n\n<h2 class=\"wp-block-heading\">Vereine<\/h2>\n\n\n\n<figure class=\"wp-block-table is-style-stripes\"><table><tbody><tr><td>Feldmusik Rothenburg<\/td><\/tr><tr><td>Musikgesellschaft Erstfeld<\/td><\/tr><tr><td>Musikgesellschaft Harmonie Hochdorf<\/td><\/tr><tr><td>Tambourenverein Gerliswil<\/td><\/tr><\/tbody><\/table><\/figure>\n","protected":false},"excerpt":{"rendered":"<p>Wir freuen uns, dass wir die unten genannten Personen und Vereine zu unseren Ehrenmitgliedern z\u00e4hlen d\u00fcrfen. Folgende Personen oder Vereine haben sich in besonderer Weise um die MGE oder um die F\u00f6rderung des Blasmusikwesens verdient gemacht und wurden durch die ordentliche Generalversammlung zu Ehrenmitgliedern ernannt.Auch Aktivmitglieder, die w\u00e4hrend zwanzig Jahren der MGE angeh\u00f6ren, wurden durch [&hellip;]<\/p>\n","protected":false},"author":1,"featured_media":0,"parent":0,"menu_order":0,"comment_status":"closed","ping_status":"closed","template":"","meta":{"ocean_post_layout":"","ocean_both_sidebars_style":"","ocean_both_sidebars_content_width":0,"ocean_both_sidebars_sidebars_width":0,"ocean_sidebar":"0","ocean_second_sidebar":"0","ocean_disable_margins":"enable","ocean_add_body_class":"","ocean_shortcode_before_top_bar":"","ocean_shortcode_after_top_bar":"","ocean_shortcode_before_header":"","ocean_shortcode_after_header":"","ocean_has_shortcode":"","ocean_shortcode_after_title":"","ocean_shortcode_before_footer_widgets":"","ocean_shortcode_after_footer_widgets":"","ocean_shortcode_before_footer_bottom":"","ocean_shortcode_after_footer_bottom":"","ocean_display_top_bar":"default","ocean_display_header":"default","ocean_header_style":"","ocean_center_header_left_menu":"0","ocean_custom_header_template":"0","ocean_custom_logo":0,"ocean_custom_retina_logo":0,"ocean_custom_logo_max_width":0,"ocean_custom_logo_tablet_max_width":0,"ocean_custom_logo_mobile_max_width":0,"ocean_custom_logo_max_height":0,"ocean_custom_logo_tablet_max_height":0,"ocean_custom_logo_mobile_max_height":0,"ocean_header_custom_menu":"0","ocean_menu_typo_font_family":"0","ocean_menu_typo_font_subset":"","ocean_menu_typo_font_size":0,"ocean_menu_typo_font_size_tablet":0,"ocean_menu_typo_font_size_mobile":0,"ocean_menu_typo_font_size_unit":"px","ocean_menu_typo_font_weight":"","ocean_menu_typo_font_weight_tablet":"","ocean_menu_typo_font_weight_mobile":"","ocean_menu_typo_transform":"","ocean_menu_typo_transform_tablet":"","ocean_menu_typo_transform_mobile":"","ocean_menu_typo_line_height":0,"ocean_menu_typo_line_height_tablet":0,"ocean_menu_typo_line_height_mobile":0,"ocean_menu_typo_line_height_unit":"","ocean_menu_typo_spacing":0,"ocean_menu_typo_spacing_tablet":0,"ocean_menu_typo_spacing_mobile":0,"ocean_menu_typo_spacing_unit":"","ocean_menu_link_color":"","ocean_menu_link_color_hover":"","ocean_menu_link_color_active":"","ocean_menu_link_background":"","ocean_menu_link_hover_background":"","ocean_menu_link_active_background":"","ocean_menu_social_links_bg":"","ocean_menu_social_hover_links_bg":"","ocean_menu_social_links_color":"","ocean_menu_social_hover_links_color":"","ocean_disable_title":"default","ocean_disable_heading":"default","ocean_post_title":"","ocean_post_subheading":"","ocean_post_title_style":"","ocean_post_title_background_color":"","ocean_post_title_background":0,"ocean_post_title_bg_image_position":"","ocean_post_title_bg_image_attachment":"","ocean_post_title_bg_image_repeat":"","ocean_post_title_bg_image_size":"","ocean_post_title_height":0,"ocean_post_title_bg_overlay":0.5,"ocean_post_title_bg_overlay_color":"","ocean_disable_breadcrumbs":"default","ocean_breadcrumbs_color":"","ocean_breadcrumbs_separator_color":"","ocean_breadcrumbs_links_color":"","ocean_breadcrumbs_links_hover_color":"","ocean_display_footer_widgets":"default","ocean_display_footer_bottom":"default","ocean_custom_footer_template":"0","two_page_speed":[],"footnotes":""},"class_list":["post-197","page","type-page","status-publish","hentry","entry"],"_links":{"self":[{"href":"https:\/\/www.mgemmen.ch\/index.php\/wp-json\/wp\/v2\/pages\/197","targetHints":{"allow":["GET"]}}],"collection":[{"href":"https:\/\/www.mgemmen.ch\/index.php\/wp-json\/wp\/v2\/pages"}],"about":[{"href":"https:\/\/www.mgemmen.ch\/index.php\/wp-json\/wp\/v2\/types\/page"}],"author":[{"embeddable":true,"href":"https:\/\/www.mgemmen.ch\/index.php\/wp-json\/wp\/v2\/users\/1"}],"replies":[{"embeddable":true,"href":"https:\/\/www.mgemmen.ch\/index.php\/wp-json\/wp\/v2\/comments?post=197"}],"version-history":[{"count":8,"href":"https:\/\/www.mgemmen.ch\/index.php\/wp-json\/wp\/v2\/pages\/197\/revisions"}],"predecessor-version":[{"id":9341,"href":"https:\/\/www.mgemmen.ch\/index.php\/wp-json\/wp\/v2\/pages\/197\/revisions\/9341"}],"wp:attachment":[{"href":"https:\/\/www.mgemmen.ch\/index.php\/wp-json\/wp\/v2\/media?parent=197"}],"curies":[{"name":"wp","href":"https:\/\/api.w.org\/{rel}","templated":true}]}}