{"id":195,"date":"2020-12-31T01:35:01","date_gmt":"2020-12-31T00:35:01","guid":{"rendered":"https:\/\/beta.mgemmen.ch\/?page_id=195"},"modified":"2021-06-07T21:34:59","modified_gmt":"2021-06-07T20:34:59","slug":"raeume","status":"publish","type":"page","link":"https:\/\/www.mgemmen.ch\/index.php\/raeume\/","title":{"rendered":"R\u00e4ume"},"content":{"rendered":"\n<h1 class=\"wp-block-heading\">Aufenthaltsraum<\/h1>\n\n\n\n<div class=\"wp-block-columns is-layout-flex wp-container-core-columns-is-layout-9d6595d7 wp-block-columns-is-layout-flex\">\n<div class=\"wp-block-column is-layout-flow wp-block-column-is-layout-flow\" style=\"flex-basis:100%\">\n<div class=\"wp-block-columns is-layout-flex wp-container-core-columns-is-layout-9d6595d7 wp-block-columns-is-layout-flex\">\n<div class=\"wp-block-column is-layout-flow wp-block-column-is-layout-flow\" style=\"flex-basis:50%\">\n<div class=\"alignnormal\"><div id=\"metaslider-id-531\" style=\"width: 100%;\" class=\"ml-slider-3-108-0 metaslider metaslider-flex metaslider-531 ml-slider has-dots-nav ms-theme-default\" role=\"region\" aria-label=\"Aufenthaltsraum\" data-height=\"450\" data-width=\"700\">\n    <div id=\"metaslider_container_531\">\n        <div id=\"metaslider_531\">\n            <ul class='slides'>\n                <li style=\"display: block; width: 100%;\" class=\"slide-546 ms-image \" aria-roledescription=\"slide\" data-date=\"2021-06-07 20:58:14\" data-filename=\"MH_Aufenthalt_04-700x450.jpg\" data-slide-type=\"image\"><img loading=\"lazy\" decoding=\"async\" src=\"https:\/\/www.mgemmen.ch\/wp-content\/uploads\/2021\/06\/MH_Aufenthalt_04-700x450.jpg\" height=\"450\" width=\"700\" alt=\"\" class=\"slider-531 slide-546 msDefaultImage\" title=\"MH_Aufenthalt_04\" \/><\/li>\n                <li style=\"display: none; width: 100%;\" class=\"slide-547 ms-image \" aria-roledescription=\"slide\" data-date=\"2021-06-07 20:58:14\" data-filename=\"MH_Aufenthalt_03-700x450.jpg\" data-slide-type=\"image\"><img loading=\"lazy\" decoding=\"async\" src=\"https:\/\/www.mgemmen.ch\/wp-content\/uploads\/2021\/06\/MH_Aufenthalt_03-700x450.jpg\" height=\"450\" width=\"700\" alt=\"\" class=\"slider-531 slide-547 msDefaultImage\" title=\"MH_Aufenthalt_03\" \/><\/li>\n                <li style=\"display: none; width: 100%;\" class=\"slide-548 ms-image \" aria-roledescription=\"slide\" data-date=\"2021-06-07 20:58:14\" data-filename=\"MH_Aufenthalt_02-700x450.jpg\" data-slide-type=\"image\"><img loading=\"lazy\" decoding=\"async\" src=\"https:\/\/www.mgemmen.ch\/wp-content\/uploads\/2021\/06\/MH_Aufenthalt_02-700x450.jpg\" height=\"450\" width=\"700\" alt=\"\" class=\"slider-531 slide-548 msDefaultImage\" title=\"MH_Aufenthalt_02\" \/><\/li>\n                <li style=\"display: none; width: 100%;\" class=\"slide-549 ms-image \" aria-roledescription=\"slide\" data-date=\"2021-06-07 20:58:14\" data-filename=\"MH_Aufenthalt_01-700x450.jpg\" data-slide-type=\"image\"><img loading=\"lazy\" decoding=\"async\" src=\"https:\/\/www.mgemmen.ch\/wp-content\/uploads\/2021\/06\/MH_Aufenthalt_01-700x450.jpg\" height=\"450\" width=\"700\" alt=\"\" class=\"slider-531 slide-549 msDefaultImage\" title=\"MH_Aufenthalt_01\" \/><\/li>\n            <\/ul>\n        <\/div>\n        \n    <\/div>\n<\/div><\/div>\n<\/div>\n\n\n\n<div class=\"wp-block-column is-layout-flow wp-block-column-is-layout-flow\" style=\"flex-basis:50%\">\n<ul class=\"wp-block-list\" id=\"block-f0fd40aa-ddf4-41ce-840e-31407b6cea67\"><li>F\u00fcr Ihr Familenfest, Ihren Geburtstag, Ihren Firmenanlass usw. mit Platz f\u00fcr 40 bis 70 Partyg\u00e4ste<\/li><li>Inkl. Bar, K\u00fcche mit 2 K\u00fchlschr\u00e4nken, Kochherd, Backofen, Mikrowelle,\u00a0Geschirr, Besteck und Gl\u00e4ser.<\/li><li>Abmessungen:<br>L\u00e4nge: 13.40 Meter<br>Breite: 7.50 Meter<br>Raumh\u00f6he: 2.55 Meter<br>L\u00e4nge der Bar: 4.50 Meter<\/li><\/ul>\n<\/div>\n<\/div>\n<\/div>\n<\/div>\n\n\n\n<h1 class=\"wp-block-heading\">Prober\u00e4ume<\/h1>\n\n\n\n<div class=\"wp-block-columns is-layout-flex wp-container-core-columns-is-layout-9d6595d7 wp-block-columns-is-layout-flex\">\n<div class=\"wp-block-column is-layout-flow wp-block-column-is-layout-flow\">\n<div class=\"alignnormal\"><div id=\"metaslider-id-578\" style=\"width: 100%;\" class=\"ml-slider-3-108-0 metaslider metaslider-flex metaslider-578 ml-slider has-dots-nav ms-theme-default\" role=\"region\" aria-label=\"Prober\u00e4ume\" data-height=\"450\" data-width=\"700\">\n    <div id=\"metaslider_container_578\">\n        <div id=\"metaslider_578\">\n            <ul class='slides'>\n                <li style=\"display: block; width: 100%;\" class=\"slide-579 ms-image \" aria-roledescription=\"slide\" data-date=\"2021-06-07 21:29:30\" data-filename=\"MH_Register_03-700x450.jpg\" data-slide-type=\"image\"><img loading=\"lazy\" decoding=\"async\" src=\"https:\/\/www.mgemmen.ch\/wp-content\/uploads\/2021\/06\/MH_Register_03-700x450.jpg\" height=\"450\" width=\"700\" alt=\"\" class=\"slider-578 slide-579 msDefaultImage\" title=\"MH_Register_03\" \/><\/li>\n                <li style=\"display: none; width: 100%;\" class=\"slide-580 ms-image \" aria-roledescription=\"slide\" data-date=\"2021-06-07 21:29:30\" data-filename=\"MH_Register_02-700x450.jpg\" data-slide-type=\"image\"><img loading=\"lazy\" decoding=\"async\" src=\"https:\/\/www.mgemmen.ch\/wp-content\/uploads\/2021\/06\/MH_Register_02-700x450.jpg\" height=\"450\" width=\"700\" alt=\"\" class=\"slider-578 slide-580 msDefaultImage\" title=\"MH_Register_02\" \/><\/li>\n                <li style=\"display: none; width: 100%;\" class=\"slide-581 ms-image \" aria-roledescription=\"slide\" data-date=\"2021-06-07 21:29:30\" data-filename=\"MH_Register_01-700x450.jpg\" data-slide-type=\"image\"><img loading=\"lazy\" decoding=\"async\" src=\"https:\/\/www.mgemmen.ch\/wp-content\/uploads\/2021\/06\/MH_Register_01-700x450.jpg\" height=\"450\" width=\"700\" alt=\"\" class=\"slider-578 slide-581 msDefaultImage\" title=\"MH_Register_01\" \/><\/li>\n            <\/ul>\n        <\/div>\n        \n    <\/div>\n<\/div><\/div>\n<\/div>\n\n\n\n<div class=\"wp-block-column is-layout-flow wp-block-column-is-layout-flow\">\n<ul class=\"wp-block-list\"><li>2 Prober\u00e4ume f\u00fcr Musikunterricht<\/li><li>Proben f\u00fcr kleine Gruppen bis zu 10 Personen<\/li><li>inkl. Bestuhlung und Notenst\u00e4nder<\/li><\/ul>\n<\/div>\n<\/div>\n","protected":false},"excerpt":{"rendered":"<p>Aufenthaltsraum F\u00fcr Ihr Familenfest, Ihren Geburtstag, Ihren Firmenanlass usw. mit Platz f\u00fcr 40 bis 70 Partyg\u00e4ste Inkl. Bar, K\u00fcche mit 2 K\u00fchlschr\u00e4nken, Kochherd, Backofen, Mikrowelle,\u00a0Geschirr, Besteck und Gl\u00e4ser. Abmessungen:L\u00e4nge: 13.40 MeterBreite: 7.50 MeterRaumh\u00f6he: 2.55 MeterL\u00e4nge der Bar: 4.50 Meter Prober\u00e4ume 2 Prober\u00e4ume f\u00fcr Musikunterricht Proben f\u00fcr kleine Gruppen bis zu 10 Personen inkl. Bestuhlung und [&hellip;]<\/p>\n","protected":false},"author":1,"featured_media":0,"parent":0,"menu_order":0,"comment_status":"closed","ping_status":"closed","template":"","meta":{"ocean_post_layout":"","ocean_both_sidebars_style":"","ocean_both_sidebars_content_width":0,"ocean_both_sidebars_sidebars_width":0,"ocean_sidebar":"0","ocean_second_sidebar":"0","ocean_disable_margins":"enable","ocean_add_body_class":"","ocean_shortcode_before_top_bar":"","ocean_shortcode_after_top_bar":"","ocean_shortcode_before_header":"","ocean_shortcode_after_header":"","ocean_has_shortcode":"","ocean_shortcode_after_title":"","ocean_shortcode_before_footer_widgets":"","ocean_shortcode_after_footer_widgets":"","ocean_shortcode_before_footer_bottom":"","ocean_shortcode_after_footer_bottom":"","ocean_display_top_bar":"default","ocean_display_header":"default","ocean_header_style":"","ocean_center_header_left_menu":"0","ocean_custom_header_template":"0","ocean_custom_logo":0,"ocean_custom_retina_logo":0,"ocean_custom_logo_max_width":0,"ocean_custom_logo_tablet_max_width":0,"ocean_custom_logo_mobile_max_width":0,"ocean_custom_logo_max_height":0,"ocean_custom_logo_tablet_max_height":0,"ocean_custom_logo_mobile_max_height":0,"ocean_header_custom_menu":"0","ocean_menu_typo_font_family":"0","ocean_menu_typo_font_subset":"","ocean_menu_typo_font_size":0,"ocean_menu_typo_font_size_tablet":0,"ocean_menu_typo_font_size_mobile":0,"ocean_menu_typo_font_size_unit":"px","ocean_menu_typo_font_weight":"","ocean_menu_typo_font_weight_tablet":"","ocean_menu_typo_font_weight_mobile":"","ocean_menu_typo_transform":"","ocean_menu_typo_transform_tablet":"","ocean_menu_typo_transform_mobile":"","ocean_menu_typo_line_height":0,"ocean_menu_typo_line_height_tablet":0,"ocean_menu_typo_line_height_mobile":0,"ocean_menu_typo_line_height_unit":"","ocean_menu_typo_spacing":0,"ocean_menu_typo_spacing_tablet":0,"ocean_menu_typo_spacing_mobile":0,"ocean_menu_typo_spacing_unit":"","ocean_menu_link_color":"","ocean_menu_link_color_hover":"","ocean_menu_link_color_active":"","ocean_menu_link_background":"","ocean_menu_link_hover_background":"","ocean_menu_link_active_background":"","ocean_menu_social_links_bg":"","ocean_menu_social_hover_links_bg":"","ocean_menu_social_links_color":"","ocean_menu_social_hover_links_color":"","ocean_disable_title":"default","ocean_disable_heading":"default","ocean_post_title":"","ocean_post_subheading":"","ocean_post_title_style":"","ocean_post_title_background_color":"","ocean_post_title_background":0,"ocean_post_title_bg_image_position":"","ocean_post_title_bg_image_attachment":"","ocean_post_title_bg_image_repeat":"","ocean_post_title_bg_image_size":"","ocean_post_title_height":0,"ocean_post_title_bg_overlay":0.5,"ocean_post_title_bg_overlay_color":"","ocean_disable_breadcrumbs":"default","ocean_breadcrumbs_color":"","ocean_breadcrumbs_separator_color":"","ocean_breadcrumbs_links_color":"","ocean_breadcrumbs_links_hover_color":"","ocean_display_footer_widgets":"default","ocean_display_footer_bottom":"default","ocean_custom_footer_template":"0","two_page_speed":[],"footnotes":""},"class_list":["post-195","page","type-page","status-publish","hentry","entry"],"_links":{"self":[{"href":"https:\/\/www.mgemmen.ch\/index.php\/wp-json\/wp\/v2\/pages\/195","targetHints":{"allow":["GET"]}}],"collection":[{"href":"https:\/\/www.mgemmen.ch\/index.php\/wp-json\/wp\/v2\/pages"}],"about":[{"href":"https:\/\/www.mgemmen.ch\/index.php\/wp-json\/wp\/v2\/types\/page"}],"author":[{"embeddable":true,"href":"https:\/\/www.mgemmen.ch\/index.php\/wp-json\/wp\/v2\/users\/1"}],"replies":[{"embeddable":true,"href":"https:\/\/www.mgemmen.ch\/index.php\/wp-json\/wp\/v2\/comments?post=195"}],"version-history":[{"count":14,"href":"https:\/\/www.mgemmen.ch\/index.php\/wp-json\/wp\/v2\/pages\/195\/revisions"}],"predecessor-version":[{"id":585,"href":"https:\/\/www.mgemmen.ch\/index.php\/wp-json\/wp\/v2\/pages\/195\/revisions\/585"}],"wp:attachment":[{"href":"https:\/\/www.mgemmen.ch\/index.php\/wp-json\/wp\/v2\/media?parent=195"}],"curies":[{"name":"wp","href":"https:\/\/api.w.org\/{rel}","templated":true}]}}