{"id":193,"date":"2020-12-31T01:35:01","date_gmt":"2020-12-31T00:35:01","guid":{"rendered":"https:\/\/beta.mgemmen.ch\/?page_id=193"},"modified":"2026-02-10T21:28:55","modified_gmt":"2026-02-10T20:28:55","slug":"infos-zur-vermietung","status":"publish","type":"page","link":"https:\/\/www.mgemmen.ch\/index.php\/infos-zur-vermietung\/","title":{"rendered":"Infos zur Vermietung"},"content":{"rendered":"\n<h1 class=\"wp-block-heading\">Vorteile<\/h1>\n\n\n\n<p><strong>Gut f\u00fcr Jedermann<\/strong><\/p>\n\n\n\n<ul id=\"block-1a674a4e-fd3b-4038-8108-c5fd298f9384\" class=\"wp-block-list\">\n<li>Ob Probeweekend oder Einzelprobe mit Musikverein, Band, Orchester, Gesangsverein&#8230;<\/li>\n\n\n\n<li>Ob Geburtstag, Jubil\u00e4um, Generalversammlung, Party, Abschlussfest&#8230;<\/li>\n\n\n\n<li>Ob Pr\u00e4sentation, Auff\u00fchrung, Ausstellung&#8230;<\/li>\n\n\n\n<li>Ob Bandprobe&#8230;<\/li>\n<\/ul>\n\n\n\n<p><strong>Gut essen und trinken<\/strong><br>Kochen Sie selber in der Musig-Huus K\u00fcche oder lassen Sie sich von einem Party Service verw\u00f6hnen.<\/p>\n\n\n\n<h1 class=\"wp-block-heading\">Lage<\/h1>\n\n\n\n<p>Das Musig-Huus liegt zentral und gut erreichbar in Emmebr\u00fccke:<\/p>\n\n\n\n<ul class=\"wp-block-list\">\n<li>5 Minuten Fussweg ab Bahnhof Emmenbr\u00fccke Gersag<\/li>\n\n\n\n<li>4 Minuten Fussweg ab Bus-Station Sonnenplatz<\/li>\n<\/ul>\n\n\n\n<iframe src=\"https:\/\/www.google.com\/maps\/embed?pb=!1m18!1m12!1m3!1d2717.2202245300546!2d8.270925116251348!3d47.07514483253063!2m3!1f0!2f0!3f0!3m2!1i1024!2i768!4f13.1!3m3!1m2!1s0x478ffca624401faf%3A0xb8d26a5a7d1fd6a9!2sSchulhausstrasse%2021%2C%206020%20Emmen!5e0!3m2!1sde!2sch!4v1641026017280!5m2!1sde!2sch\" width=\"400\" height=\"300\" style=\"border:0;\" allowfullscreen=\"\" loading=\"lazy\"><\/iframe>\n\n\n\n<p><\/p>\n\n\n\n<h1 class=\"wp-block-heading\">Ausk\u00fcnfte und Reservation<\/h1>\n\n\n\n<p><strong>Preise und Reservationen<\/strong><br>Ob das Musighuus an Ihrem gew\u00fcnschten Datum frei ist, sehen Sie hier: <a href=\"https:\/\/beta.mgemmen.ch\/index.php\/belegung\/\" data-type=\"page\" data-id=\"196\">Belegung<\/a><\/p>\n\n\n\n<p>F\u00fcr detaillierte Ausk\u00fcnfte rund um das Musig-Huus steht Ihnen Ueli Hodel gerne zur Verf\u00fcgung:<br><strong>Kontaktangaben<\/strong><br>Ueli Hodel<br>Mail:&nbsp;&nbsp;&nbsp;&nbsp;&nbsp;&nbsp;&nbsp;&nbsp;&nbsp;<a href=\"mailto:musighuus@mgemmen.ch\">musighuus@mgemmen.ch<\/a><br>Telefon:&nbsp; &nbsp;&nbsp;<a href=\"tel:41766058111\">+41 76 605 81 11<\/a> (bitte eine Nachricht hinterlassen, Ueli ruft dann gerne zur\u00fcck)<\/p>\n","protected":false},"excerpt":{"rendered":"<p>Vorteile Gut f\u00fcr Jedermann Gut essen und trinkenKochen Sie selber in der Musig-Huus K\u00fcche oder lassen Sie sich von einem Party Service verw\u00f6hnen. Lage Das Musig-Huus liegt zentral und gut erreichbar in Emmebr\u00fccke: Ausk\u00fcnfte und Reservation Preise und ReservationenOb das Musighuus an Ihrem gew\u00fcnschten Datum frei ist, sehen Sie hier: Belegung F\u00fcr detaillierte Ausk\u00fcnfte rund [&hellip;]<\/p>\n","protected":false},"author":1,"featured_media":0,"parent":0,"menu_order":0,"comment_status":"closed","ping_status":"closed","template":"","meta":{"ocean_post_layout":"","ocean_both_sidebars_style":"","ocean_both_sidebars_content_width":0,"ocean_both_sidebars_sidebars_width":0,"ocean_sidebar":"0","ocean_second_sidebar":"0","ocean_disable_margins":"enable","ocean_add_body_class":"","ocean_shortcode_before_top_bar":"","ocean_shortcode_after_top_bar":"","ocean_shortcode_before_header":"","ocean_shortcode_after_header":"","ocean_has_shortcode":"","ocean_shortcode_after_title":"","ocean_shortcode_before_footer_widgets":"","ocean_shortcode_after_footer_widgets":"","ocean_shortcode_before_footer_bottom":"","ocean_shortcode_after_footer_bottom":"","ocean_display_top_bar":"default","ocean_display_header":"default","ocean_header_style":"","ocean_center_header_left_menu":"0","ocean_custom_header_template":"0","ocean_custom_logo":0,"ocean_custom_retina_logo":0,"ocean_custom_logo_max_width":0,"ocean_custom_logo_tablet_max_width":0,"ocean_custom_logo_mobile_max_width":0,"ocean_custom_logo_max_height":0,"ocean_custom_logo_tablet_max_height":0,"ocean_custom_logo_mobile_max_height":0,"ocean_header_custom_menu":"0","ocean_menu_typo_font_family":"0","ocean_menu_typo_font_subset":"","ocean_menu_typo_font_size":0,"ocean_menu_typo_font_size_tablet":0,"ocean_menu_typo_font_size_mobile":0,"ocean_menu_typo_font_size_unit":"px","ocean_menu_typo_font_weight":"","ocean_menu_typo_font_weight_tablet":"","ocean_menu_typo_font_weight_mobile":"","ocean_menu_typo_transform":"","ocean_menu_typo_transform_tablet":"","ocean_menu_typo_transform_mobile":"","ocean_menu_typo_line_height":0,"ocean_menu_typo_line_height_tablet":0,"ocean_menu_typo_line_height_mobile":0,"ocean_menu_typo_line_height_unit":"","ocean_menu_typo_spacing":0,"ocean_menu_typo_spacing_tablet":0,"ocean_menu_typo_spacing_mobile":0,"ocean_menu_typo_spacing_unit":"","ocean_menu_link_color":"","ocean_menu_link_color_hover":"","ocean_menu_link_color_active":"","ocean_menu_link_background":"","ocean_menu_link_hover_background":"","ocean_menu_link_active_background":"","ocean_menu_social_links_bg":"","ocean_menu_social_hover_links_bg":"","ocean_menu_social_links_color":"","ocean_menu_social_hover_links_color":"","ocean_disable_title":"default","ocean_disable_heading":"default","ocean_post_title":"","ocean_post_subheading":"","ocean_post_title_style":"","ocean_post_title_background_color":"","ocean_post_title_background":0,"ocean_post_title_bg_image_position":"","ocean_post_title_bg_image_attachment":"","ocean_post_title_bg_image_repeat":"","ocean_post_title_bg_image_size":"","ocean_post_title_height":0,"ocean_post_title_bg_overlay":0.5,"ocean_post_title_bg_overlay_color":"","ocean_disable_breadcrumbs":"default","ocean_breadcrumbs_color":"","ocean_breadcrumbs_separator_color":"","ocean_breadcrumbs_links_color":"","ocean_breadcrumbs_links_hover_color":"","ocean_display_footer_widgets":"default","ocean_display_footer_bottom":"default","ocean_custom_footer_template":"0","two_page_speed":[],"footnotes":""},"class_list":["post-193","page","type-page","status-publish","hentry","entry"],"_links":{"self":[{"href":"https:\/\/www.mgemmen.ch\/index.php\/wp-json\/wp\/v2\/pages\/193","targetHints":{"allow":["GET"]}}],"collection":[{"href":"https:\/\/www.mgemmen.ch\/index.php\/wp-json\/wp\/v2\/pages"}],"about":[{"href":"https:\/\/www.mgemmen.ch\/index.php\/wp-json\/wp\/v2\/types\/page"}],"author":[{"embeddable":true,"href":"https:\/\/www.mgemmen.ch\/index.php\/wp-json\/wp\/v2\/users\/1"}],"replies":[{"embeddable":true,"href":"https:\/\/www.mgemmen.ch\/index.php\/wp-json\/wp\/v2\/comments?post=193"}],"version-history":[{"count":13,"href":"https:\/\/www.mgemmen.ch\/index.php\/wp-json\/wp\/v2\/pages\/193\/revisions"}],"predecessor-version":[{"id":9352,"href":"https:\/\/www.mgemmen.ch\/index.php\/wp-json\/wp\/v2\/pages\/193\/revisions\/9352"}],"wp:attachment":[{"href":"https:\/\/www.mgemmen.ch\/index.php\/wp-json\/wp\/v2\/media?parent=193"}],"curies":[{"name":"wp","href":"https:\/\/api.w.org\/{rel}","templated":true}]}}