{"id":189,"date":"2020-12-31T01:35:01","date_gmt":"2020-12-31T00:35:01","guid":{"rendered":"https:\/\/beta.mgemmen.ch\/?page_id=189"},"modified":"2023-06-18T22:56:26","modified_gmt":"2023-06-18T21:56:26","slug":"direktion","status":"publish","type":"page","link":"https:\/\/www.mgemmen.ch\/index.php\/direktion\/","title":{"rendered":"Direktion"},"content":{"rendered":"\n<h1 class=\"wp-block-heading\"><strong>Lorin Augsburger<\/strong><\/h1>\n\n\n\n<div class=\"wp-block-columns is-layout-flex wp-container-core-columns-is-layout-9d6595d7 wp-block-columns-is-layout-flex\">\n<div class=\"wp-block-column is-vertically-aligned-center is-layout-flow wp-block-column-is-layout-flow\" style=\"flex-basis:33.33%\"><div class=\"wp-block-image\">\n<figure class=\"aligncenter size-large\"><img loading=\"lazy\" decoding=\"async\" width=\"683\" height=\"1024\" src=\"https:\/\/www.mgemmen.ch\/wp-content\/uploads\/2023\/06\/Lorin-683x1024.jpg\" alt=\"\" class=\"wp-image-6211\" srcset=\"https:\/\/www.mgemmen.ch\/wp-content\/uploads\/2023\/06\/Lorin-683x1024.jpg 683w, https:\/\/www.mgemmen.ch\/wp-content\/uploads\/2023\/06\/Lorin-200x300.jpg 200w, https:\/\/www.mgemmen.ch\/wp-content\/uploads\/2023\/06\/Lorin-768x1152.jpg 768w, https:\/\/www.mgemmen.ch\/wp-content\/uploads\/2023\/06\/Lorin-1024x1536.jpg 1024w, https:\/\/www.mgemmen.ch\/wp-content\/uploads\/2023\/06\/Lorin.jpg 1280w\" sizes=\"auto, (max-width: 683px) 100vw, 683px\" \/><figcaption>Lorin am Musiktag Ruswil 2023<\/figcaption><\/figure>\n<\/div><\/div>\n\n\n\n<div class=\"wp-block-column is-vertically-aligned-center is-layout-flow wp-block-column-is-layout-flow\" style=\"flex-basis:66.66%\">\n<p>1999 in Bern geboren, wuchs Lorin Augsburger in einer musikalischen Familie auf. Bald sammelte er als Trompeter in diversen Blas- und Symphonieorchestern erste Erfahrungen im gemeinsamen Musizieren. Musikalische H\u00f6hepunkte waren seine solistischen T\u00e4tigkeiten unter anderem mit dem Kammerorchester Steffisburg, dem Ensemble \u00abE Musicae Gaudio\u00bb und dem Verband Bernischer Jugendmusiken (VBJ).<br>Momentan ist er als Trompeter beim Sinfonischen Blasorchester Bern (SIBO) aktiv.<\/p>\n\n\n\n<p>Nach Erlangen der Matura in der Talentf\u00f6rderungsklasse am Gymnasium Hofwil, studierte er klassische Trompete bei Markus W\u00fcrsch an der Hochschule der K\u00fcnste Bern, an der er 2019 sein Bachelordiplom abschloss.<\/p>\n\n\n\n<p>Das Dirigierhandwerk erlernte er anschliessend bei der Schweizer Milit\u00e4rmusik und ist seitdem beim Spiel Heer als musikalischer Leiter t\u00e4tig. Bald folgten als Dirigent erste zivile Eins\u00e4tze unter anderem bei der MG Ins-M\u00f6rigen und der MG Gr\u00fcnenmatt. Anfang 2022 wurde er schliesslich zum neuen musikalischen Leiter der Musikgesellschaft Emmen gew\u00e4hlt.<\/p>\n\n\n\n<p>Seit Mitte 2021 wohnt Lorin Augsburger in Kriens und f\u00fchrt seine Studien an der Hochschule Luzern fort. Weitere T\u00e4tigkeiten unter anderem als Registerleiter, Trompeter oder auch mal als Pianist runden sein musikalisches Schaffen ab.<\/p>\n<\/div>\n<\/div>\n","protected":false},"excerpt":{"rendered":"<p>Lorin Augsburger 1999 in Bern geboren, wuchs Lorin Augsburger in einer musikalischen Familie auf. Bald sammelte er als Trompeter in diversen Blas- und Symphonieorchestern erste Erfahrungen im gemeinsamen Musizieren. Musikalische H\u00f6hepunkte waren seine solistischen T\u00e4tigkeiten unter anderem mit dem Kammerorchester Steffisburg, dem Ensemble \u00abE Musicae Gaudio\u00bb und dem Verband Bernischer Jugendmusiken (VBJ).Momentan ist er als [&hellip;]<\/p>\n","protected":false},"author":1,"featured_media":0,"parent":0,"menu_order":0,"comment_status":"closed","ping_status":"closed","template":"","meta":{"ocean_post_layout":"","ocean_both_sidebars_style":"","ocean_both_sidebars_content_width":0,"ocean_both_sidebars_sidebars_width":0,"ocean_sidebar":"0","ocean_second_sidebar":"0","ocean_disable_margins":"enable","ocean_add_body_class":"","ocean_shortcode_before_top_bar":"","ocean_shortcode_after_top_bar":"","ocean_shortcode_before_header":"","ocean_shortcode_after_header":"","ocean_has_shortcode":"","ocean_shortcode_after_title":"","ocean_shortcode_before_footer_widgets":"","ocean_shortcode_after_footer_widgets":"","ocean_shortcode_before_footer_bottom":"","ocean_shortcode_after_footer_bottom":"","ocean_display_top_bar":"default","ocean_display_header":"default","ocean_header_style":"","ocean_center_header_left_menu":"0","ocean_custom_header_template":"0","ocean_custom_logo":0,"ocean_custom_retina_logo":0,"ocean_custom_logo_max_width":0,"ocean_custom_logo_tablet_max_width":0,"ocean_custom_logo_mobile_max_width":0,"ocean_custom_logo_max_height":0,"ocean_custom_logo_tablet_max_height":0,"ocean_custom_logo_mobile_max_height":0,"ocean_header_custom_menu":"0","ocean_menu_typo_font_family":"0","ocean_menu_typo_font_subset":"","ocean_menu_typo_font_size":0,"ocean_menu_typo_font_size_tablet":0,"ocean_menu_typo_font_size_mobile":0,"ocean_menu_typo_font_size_unit":"px","ocean_menu_typo_font_weight":"","ocean_menu_typo_font_weight_tablet":"","ocean_menu_typo_font_weight_mobile":"","ocean_menu_typo_transform":"","ocean_menu_typo_transform_tablet":"","ocean_menu_typo_transform_mobile":"","ocean_menu_typo_line_height":0,"ocean_menu_typo_line_height_tablet":0,"ocean_menu_typo_line_height_mobile":0,"ocean_menu_typo_line_height_unit":"","ocean_menu_typo_spacing":0,"ocean_menu_typo_spacing_tablet":0,"ocean_menu_typo_spacing_mobile":0,"ocean_menu_typo_spacing_unit":"","ocean_menu_link_color":"","ocean_menu_link_color_hover":"","ocean_menu_link_color_active":"","ocean_menu_link_background":"","ocean_menu_link_hover_background":"","ocean_menu_link_active_background":"","ocean_menu_social_links_bg":"","ocean_menu_social_hover_links_bg":"","ocean_menu_social_links_color":"","ocean_menu_social_hover_links_color":"","ocean_disable_title":"default","ocean_disable_heading":"default","ocean_post_title":"","ocean_post_subheading":"","ocean_post_title_style":"","ocean_post_title_background_color":"","ocean_post_title_background":0,"ocean_post_title_bg_image_position":"","ocean_post_title_bg_image_attachment":"","ocean_post_title_bg_image_repeat":"","ocean_post_title_bg_image_size":"","ocean_post_title_height":0,"ocean_post_title_bg_overlay":0.5,"ocean_post_title_bg_overlay_color":"","ocean_disable_breadcrumbs":"default","ocean_breadcrumbs_color":"","ocean_breadcrumbs_separator_color":"","ocean_breadcrumbs_links_color":"","ocean_breadcrumbs_links_hover_color":"","ocean_display_footer_widgets":"default","ocean_display_footer_bottom":"default","ocean_custom_footer_template":"0","two_page_speed":[],"footnotes":""},"class_list":["post-189","page","type-page","status-publish","hentry","entry"],"_links":{"self":[{"href":"https:\/\/www.mgemmen.ch\/index.php\/wp-json\/wp\/v2\/pages\/189","targetHints":{"allow":["GET"]}}],"collection":[{"href":"https:\/\/www.mgemmen.ch\/index.php\/wp-json\/wp\/v2\/pages"}],"about":[{"href":"https:\/\/www.mgemmen.ch\/index.php\/wp-json\/wp\/v2\/types\/page"}],"author":[{"embeddable":true,"href":"https:\/\/www.mgemmen.ch\/index.php\/wp-json\/wp\/v2\/users\/1"}],"replies":[{"embeddable":true,"href":"https:\/\/www.mgemmen.ch\/index.php\/wp-json\/wp\/v2\/comments?post=189"}],"version-history":[{"count":16,"href":"https:\/\/www.mgemmen.ch\/index.php\/wp-json\/wp\/v2\/pages\/189\/revisions"}],"predecessor-version":[{"id":6214,"href":"https:\/\/www.mgemmen.ch\/index.php\/wp-json\/wp\/v2\/pages\/189\/revisions\/6214"}],"wp:attachment":[{"href":"https:\/\/www.mgemmen.ch\/index.php\/wp-json\/wp\/v2\/media?parent=189"}],"curies":[{"name":"wp","href":"https:\/\/api.w.org\/{rel}","templated":true}]}}