{"id":187,"date":"2020-12-31T01:35:01","date_gmt":"2020-12-31T00:35:01","guid":{"rendered":"https:\/\/beta.mgemmen.ch\/?page_id=187"},"modified":"2025-11-25T16:41:25","modified_gmt":"2025-11-25T15:41:25","slug":"donatoren","status":"publish","type":"page","link":"https:\/\/www.mgemmen.ch\/index.php\/donatoren\/","title":{"rendered":"Donatoren"},"content":{"rendered":"\n<p><strong>Donatoren der Musikgesellschaft Emmen (MGE)<\/strong><\/p>\n\n\n\n<p><strong>Als eigenst\u00e4ndiger Verein unterst\u00fctzen die Donatoren das Engagement der Musikgesellschaft Emmen. Der j\u00e4hrliche finanzielle Zustupf erm\u00f6glicht und f\u00f6rdert die musikalische Bereicherung gesellschaftlicher Anl\u00e4sse, das Jahreskonzert, sowie die Teilnahme an Musiktagen und Musikfesten. Der Verein vernetzt die Musikherzen und pflegt die Geselligkeit umrahmt von musikalischen Kl\u00e4ngen.<\/strong><\/p>\n\n\n\n<ul class=\"wp-block-list\">\n<li><strong>Maifest mit Generalversammlung (Mai)<\/strong>\n<ul class=\"wp-block-list\">\n<li>Die Generalversammlung findet jeweils im Rahmen eines Maifestes statt.<\/li>\n<\/ul>\n<\/li>\n\n\n\n<li><strong>Donatoren Abend (Herbst)<\/strong>\n<ul class=\"wp-block-list\">\n<li>Im Zentrum des Herbstanlasses steht das kulinarische und musikalische Erlebnis, sowie der pers\u00f6nliche Austausch und die Geselligkeit.<\/li>\n<\/ul>\n<\/li>\n\n\n\n<li><strong>Jahreskonzerte der MGE<\/strong> <strong>(November)<\/strong>\n<ul class=\"wp-block-list\">\n<li>Die Donatoren sind jeweils am Samstag herzlich zu einem VIP-Apero eingeladen.<\/li>\n<\/ul>\n<\/li>\n<\/ul>\n\n\n\n<p>Die Donatoren freuen sich \u00fcber jedes neue Mitglied.<\/p>\n\n\n\n<ul class=\"wp-block-list\">\n<li>Jahres-Mitgliederbeitrag f\u00fcr nat\u00fcrliche Personen CHF 100.\u2014<\/li>\n\n\n\n<li>Jahres-Mitgliederbeitrag f\u00fcr juristische Personen CHF 300.\u2014<\/li>\n<\/ul>\n\n\n\n<p><strong>Pr\u00e4sident Walter Stucki freut sich \u00fcber den Austausch oder die Anmeldung:<\/strong><\/p>\n\n\n\n<p>E-Mail: <a href=\"mailto:wa.stu@bluewin.ch\">wa.stu@bluewin.ch<\/a><\/p>\n\n\n\n<p>Telefon: 041 260 20 88<\/p>\n\n\n\n<p>Vorstand:<\/p>\n\n\n\n<ul class=\"wp-block-list\">\n<li>Walter Stucki, Pr\u00e4sident<\/li>\n\n\n\n<li>Beni Schneider, Vize-Pr\u00e4sident<\/li>\n\n\n\n<li>Madeleine Forrer, Sekretariat<\/li>\n\n\n\n<li>Conny Frey, Finanzen<\/li>\n<\/ul>\n\n\n\n<p>Patrick Forrer, Pr\u00e4sident MGE, als Vertreter MGE<\/p>\n","protected":false},"excerpt":{"rendered":"<p>Donatoren der Musikgesellschaft Emmen (MGE) Als eigenst\u00e4ndiger Verein unterst\u00fctzen die Donatoren das Engagement der Musikgesellschaft Emmen. Der j\u00e4hrliche finanzielle Zustupf erm\u00f6glicht und f\u00f6rdert die musikalische Bereicherung gesellschaftlicher Anl\u00e4sse, das Jahreskonzert, sowie die Teilnahme an Musiktagen und Musikfesten. Der Verein vernetzt die Musikherzen und pflegt die Geselligkeit umrahmt von musikalischen Kl\u00e4ngen. Die Donatoren freuen sich \u00fcber [&hellip;]<\/p>\n","protected":false},"author":1,"featured_media":0,"parent":0,"menu_order":0,"comment_status":"closed","ping_status":"closed","template":"","meta":{"ocean_post_layout":"","ocean_both_sidebars_style":"","ocean_both_sidebars_content_width":0,"ocean_both_sidebars_sidebars_width":0,"ocean_sidebar":"0","ocean_second_sidebar":"0","ocean_disable_margins":"enable","ocean_add_body_class":"","ocean_shortcode_before_top_bar":"","ocean_shortcode_after_top_bar":"","ocean_shortcode_before_header":"","ocean_shortcode_after_header":"","ocean_has_shortcode":"","ocean_shortcode_after_title":"","ocean_shortcode_before_footer_widgets":"","ocean_shortcode_after_footer_widgets":"","ocean_shortcode_before_footer_bottom":"","ocean_shortcode_after_footer_bottom":"","ocean_display_top_bar":"default","ocean_display_header":"default","ocean_header_style":"","ocean_center_header_left_menu":"0","ocean_custom_header_template":"0","ocean_custom_logo":0,"ocean_custom_retina_logo":0,"ocean_custom_logo_max_width":0,"ocean_custom_logo_tablet_max_width":0,"ocean_custom_logo_mobile_max_width":0,"ocean_custom_logo_max_height":0,"ocean_custom_logo_tablet_max_height":0,"ocean_custom_logo_mobile_max_height":0,"ocean_header_custom_menu":"0","ocean_menu_typo_font_family":"0","ocean_menu_typo_font_subset":"","ocean_menu_typo_font_size":0,"ocean_menu_typo_font_size_tablet":0,"ocean_menu_typo_font_size_mobile":0,"ocean_menu_typo_font_size_unit":"px","ocean_menu_typo_font_weight":"","ocean_menu_typo_font_weight_tablet":"","ocean_menu_typo_font_weight_mobile":"","ocean_menu_typo_transform":"","ocean_menu_typo_transform_tablet":"","ocean_menu_typo_transform_mobile":"","ocean_menu_typo_line_height":0,"ocean_menu_typo_line_height_tablet":0,"ocean_menu_typo_line_height_mobile":0,"ocean_menu_typo_line_height_unit":"","ocean_menu_typo_spacing":0,"ocean_menu_typo_spacing_tablet":0,"ocean_menu_typo_spacing_mobile":0,"ocean_menu_typo_spacing_unit":"","ocean_menu_link_color":"","ocean_menu_link_color_hover":"","ocean_menu_link_color_active":"","ocean_menu_link_background":"","ocean_menu_link_hover_background":"","ocean_menu_link_active_background":"","ocean_menu_social_links_bg":"","ocean_menu_social_hover_links_bg":"","ocean_menu_social_links_color":"","ocean_menu_social_hover_links_color":"","ocean_disable_title":"default","ocean_disable_heading":"default","ocean_post_title":"","ocean_post_subheading":"","ocean_post_title_style":"","ocean_post_title_background_color":"","ocean_post_title_background":0,"ocean_post_title_bg_image_position":"","ocean_post_title_bg_image_attachment":"","ocean_post_title_bg_image_repeat":"","ocean_post_title_bg_image_size":"","ocean_post_title_height":0,"ocean_post_title_bg_overlay":0.5,"ocean_post_title_bg_overlay_color":"","ocean_disable_breadcrumbs":"default","ocean_breadcrumbs_color":"","ocean_breadcrumbs_separator_color":"","ocean_breadcrumbs_links_color":"","ocean_breadcrumbs_links_hover_color":"","ocean_display_footer_widgets":"default","ocean_display_footer_bottom":"default","ocean_custom_footer_template":"0","two_page_speed":[],"footnotes":""},"class_list":["post-187","page","type-page","status-publish","hentry","entry"],"_links":{"self":[{"href":"https:\/\/www.mgemmen.ch\/index.php\/wp-json\/wp\/v2\/pages\/187","targetHints":{"allow":["GET"]}}],"collection":[{"href":"https:\/\/www.mgemmen.ch\/index.php\/wp-json\/wp\/v2\/pages"}],"about":[{"href":"https:\/\/www.mgemmen.ch\/index.php\/wp-json\/wp\/v2\/types\/page"}],"author":[{"embeddable":true,"href":"https:\/\/www.mgemmen.ch\/index.php\/wp-json\/wp\/v2\/users\/1"}],"replies":[{"embeddable":true,"href":"https:\/\/www.mgemmen.ch\/index.php\/wp-json\/wp\/v2\/comments?post=187"}],"version-history":[{"count":12,"href":"https:\/\/www.mgemmen.ch\/index.php\/wp-json\/wp\/v2\/pages\/187\/revisions"}],"predecessor-version":[{"id":9310,"href":"https:\/\/www.mgemmen.ch\/index.php\/wp-json\/wp\/v2\/pages\/187\/revisions\/9310"}],"wp:attachment":[{"href":"https:\/\/www.mgemmen.ch\/index.php\/wp-json\/wp\/v2\/media?parent=187"}],"curies":[{"name":"wp","href":"https:\/\/api.w.org\/{rel}","templated":true}]}}