{"id":186,"date":"2020-12-31T01:35:01","date_gmt":"2020-12-31T00:35:01","guid":{"rendered":"https:\/\/beta.mgemmen.ch\/?page_id=186"},"modified":"2022-03-21T18:20:29","modified_gmt":"2022-03-21T17:20:29","slug":"der-verein","status":"publish","type":"page","link":"https:\/\/www.mgemmen.ch\/index.php\/der-verein\/","title":{"rendered":"Der Verein"},"content":{"rendered":"\n<div class=\"wp-block-image\"><figure class=\"aligncenter size-large\"><img decoding=\"async\" src=\"https:\/\/www.mgemmen.ch\/wp-content\/uploads\/2022\/02\/JK2021_stehend-1-1024x485.png\" alt=\"\" class=\"wp-image-3054\"\/><\/figure><\/div>\n\n\n\n<p><\/p>\n\n\n\n<p><\/p>\n\n\n\n<p>Die Musikgesellschaft Emmen wurde im Jahre 1880 gegr\u00fcndet. Der Verein hat folgende Ziele in den Mittelpunkt gestellt:<\/p>\n\n\n\n<ul class=\"wp-block-list\"><li>Pflege und F\u00f6rderung von guter Harmoniemusik<\/li><li>Versch\u00f6nerung von weltlichen und kirchlichen Anl\u00e4ssen<\/li><li>Pflege der Kameradschaft und Geselligkeit<\/li><\/ul>\n\n\n\n<p>Diese Elemente bilden bis heute das Fundament unserer Vereinst\u00e4tigkeit, auch wenn sich sonst Vieles ver\u00e4ndert hat. Bestand die Musikgesellschaft Emmen lange Zeit nur aus einem Corps, bietet unser Verein heute verschiedene Formationen, um verschiedenste Anl\u00e4sse passend umrahmen zu k\u00f6nnen.<\/p>\n\n\n\n<p>Wir proben jeweils Dienstags um uns auf diverse Auftritte vorzubereiten. Vor den beiden musikalischen Highlights, unserem Jahreskonzert im November sowie meist einer Teilnahme an einem Wettbewerb im Sommer, proben wir zus\u00e4tzlich noch Donnerstags.<br>Wir sind immer auf der Suche nach neuen Kolleginnen und Kollegen, falls du also Lust hast, bei uns mitzuspielen, melde dich \u00fcber das Kontaktformular.<\/p>\n","protected":false},"excerpt":{"rendered":"<p>Die Musikgesellschaft Emmen wurde im Jahre 1880 gegr\u00fcndet. Der Verein hat folgende Ziele in den Mittelpunkt gestellt: Pflege und F\u00f6rderung von guter Harmoniemusik Versch\u00f6nerung von weltlichen und kirchlichen Anl\u00e4ssen Pflege der Kameradschaft und Geselligkeit Diese Elemente bilden bis heute das Fundament unserer Vereinst\u00e4tigkeit, auch wenn sich sonst Vieles ver\u00e4ndert hat. Bestand die Musikgesellschaft Emmen lange [&hellip;]<\/p>\n","protected":false},"author":1,"featured_media":0,"parent":0,"menu_order":0,"comment_status":"closed","ping_status":"closed","template":"","meta":{"ocean_post_layout":"","ocean_both_sidebars_style":"","ocean_both_sidebars_content_width":0,"ocean_both_sidebars_sidebars_width":0,"ocean_sidebar":"0","ocean_second_sidebar":"0","ocean_disable_margins":"enable","ocean_add_body_class":"","ocean_shortcode_before_top_bar":"","ocean_shortcode_after_top_bar":"","ocean_shortcode_before_header":"","ocean_shortcode_after_header":"","ocean_has_shortcode":"","ocean_shortcode_after_title":"","ocean_shortcode_before_footer_widgets":"","ocean_shortcode_after_footer_widgets":"","ocean_shortcode_before_footer_bottom":"","ocean_shortcode_after_footer_bottom":"","ocean_display_top_bar":"default","ocean_display_header":"default","ocean_header_style":"","ocean_center_header_left_menu":"0","ocean_custom_header_template":"0","ocean_custom_logo":0,"ocean_custom_retina_logo":0,"ocean_custom_logo_max_width":0,"ocean_custom_logo_tablet_max_width":0,"ocean_custom_logo_mobile_max_width":0,"ocean_custom_logo_max_height":0,"ocean_custom_logo_tablet_max_height":0,"ocean_custom_logo_mobile_max_height":0,"ocean_header_custom_menu":"0","ocean_menu_typo_font_family":"0","ocean_menu_typo_font_subset":"","ocean_menu_typo_font_size":0,"ocean_menu_typo_font_size_tablet":0,"ocean_menu_typo_font_size_mobile":0,"ocean_menu_typo_font_size_unit":"px","ocean_menu_typo_font_weight":"","ocean_menu_typo_font_weight_tablet":"","ocean_menu_typo_font_weight_mobile":"","ocean_menu_typo_transform":"","ocean_menu_typo_transform_tablet":"","ocean_menu_typo_transform_mobile":"","ocean_menu_typo_line_height":0,"ocean_menu_typo_line_height_tablet":0,"ocean_menu_typo_line_height_mobile":0,"ocean_menu_typo_line_height_unit":"","ocean_menu_typo_spacing":0,"ocean_menu_typo_spacing_tablet":0,"ocean_menu_typo_spacing_mobile":0,"ocean_menu_typo_spacing_unit":"","ocean_menu_link_color":"","ocean_menu_link_color_hover":"","ocean_menu_link_color_active":"","ocean_menu_link_background":"","ocean_menu_link_hover_background":"","ocean_menu_link_active_background":"","ocean_menu_social_links_bg":"","ocean_menu_social_hover_links_bg":"","ocean_menu_social_links_color":"","ocean_menu_social_hover_links_color":"","ocean_disable_title":"default","ocean_disable_heading":"default","ocean_post_title":"","ocean_post_subheading":"","ocean_post_title_style":"","ocean_post_title_background_color":"","ocean_post_title_background":0,"ocean_post_title_bg_image_position":"","ocean_post_title_bg_image_attachment":"","ocean_post_title_bg_image_repeat":"","ocean_post_title_bg_image_size":"","ocean_post_title_height":0,"ocean_post_title_bg_overlay":0.5,"ocean_post_title_bg_overlay_color":"","ocean_disable_breadcrumbs":"default","ocean_breadcrumbs_color":"","ocean_breadcrumbs_separator_color":"","ocean_breadcrumbs_links_color":"","ocean_breadcrumbs_links_hover_color":"","ocean_display_footer_widgets":"default","ocean_display_footer_bottom":"default","ocean_custom_footer_template":"0","two_page_speed":[],"footnotes":""},"class_list":["post-186","page","type-page","status-publish","hentry","entry"],"_links":{"self":[{"href":"https:\/\/www.mgemmen.ch\/index.php\/wp-json\/wp\/v2\/pages\/186","targetHints":{"allow":["GET"]}}],"collection":[{"href":"https:\/\/www.mgemmen.ch\/index.php\/wp-json\/wp\/v2\/pages"}],"about":[{"href":"https:\/\/www.mgemmen.ch\/index.php\/wp-json\/wp\/v2\/types\/page"}],"author":[{"embeddable":true,"href":"https:\/\/www.mgemmen.ch\/index.php\/wp-json\/wp\/v2\/users\/1"}],"replies":[{"embeddable":true,"href":"https:\/\/www.mgemmen.ch\/index.php\/wp-json\/wp\/v2\/comments?post=186"}],"version-history":[{"count":13,"href":"https:\/\/www.mgemmen.ch\/index.php\/wp-json\/wp\/v2\/pages\/186\/revisions"}],"predecessor-version":[{"id":3127,"href":"https:\/\/www.mgemmen.ch\/index.php\/wp-json\/wp\/v2\/pages\/186\/revisions\/3127"}],"wp:attachment":[{"href":"https:\/\/www.mgemmen.ch\/index.php\/wp-json\/wp\/v2\/media?parent=186"}],"curies":[{"name":"wp","href":"https:\/\/api.w.org\/{rel}","templated":true}]}}